{"id":630,"date":"2015-10-21T10:53:30","date_gmt":"2015-10-21T10:53:30","guid":{"rendered":"https:\/\/confino.fr\/?page_id=630"},"modified":"2015-10-21T10:53:30","modified_gmt":"2015-10-21T10:53:30","slug":"mentions-legales-2","status":"publish","type":"page","link":"https:\/\/confino.fr\/en\/mentions-legales-2\/","title":{"rendered":"Mentions l\u00e9gales"},"content":{"rendered":"<p>CABINET CONFINO<br \/>\nSoci\u00e9t\u00e9 d\u2019exercice lib\u00e9ral d\u2019avocats, inscrite au Barreau de Paris,<br \/>\nSELAS au capital de 934.000 euros<br \/>\nRCS Paris 484 774\u00a0807<\/p>\n<p>68, avenue d&#8217;I\u00e9na &#8211; 75116 Paris<br \/>\nT\u00e9l. : +33 (0)1 47 20 07 07<br \/>\nContact mail\u00a0: utilisez le formulaire en ligne<\/p>\n<p>Responsable de la publication du site\u00a0: Me Jean-Philippe CONFINO<br \/>\nH\u00e9bergeur\u00a0: soci\u00e9t\u00e9 OLEANE<\/p>\n<p>Tous droits r\u00e9serv\u00e9s &#8211; Toute reproduction, m\u00eame partielle, du site ou des documents accessibles depuis le site est interdite \u2013 Photos \u00a9 CABINET CONFINO, FOTOLIA<\/p>\n","protected":false},"excerpt":{"rendered":"<p>CABINET CONFINO Soci\u00e9t\u00e9 d\u2019exercice lib\u00e9ral d\u2019avocats, inscrite au Barreau de Paris, SELAS au capital de 934.000 euros RCS Paris 484 774\u00a0807 68, avenue d&#8217;I\u00e9na &#8211; 75116 Paris T\u00e9l. : +33 (0)1 47 20 07 07 Contact mail\u00a0: utilisez le formulaire en ligne Responsable de la publication du site\u00a0: Me Jean-Philippe CONFINO H\u00e9bergeur\u00a0: soci\u00e9t\u00e9 OLEANE Tous [&hellip;]<\/p>\n","protected":false},"author":2,"featured_media":0,"parent":0,"menu_order":0,"comment_status":"open","ping_status":"open","template":"","meta":{"_acf_changed":false,"_exactmetrics_skip_tracking":false,"_exactmetrics_sitenote_active":false,"_exactmetrics_sitenote_note":"","_exactmetrics_sitenote_category":0,"footnotes":""},"class_list":["post-630","page","type-page","status-publish","hentry"],"acf":[],"yoast_head":"<!-- This site is optimized with the Yoast SEO plugin v26.6 - https:\/\/yoast.com\/wordpress\/plugins\/seo\/ -->\n<title>Mentions l\u00e9gales - Cabinet Confino<\/title>\n<meta name=\"robots\" content=\"index, follow, max-snippet:-1, max-image-preview:large, max-video-preview:-1\" \/>\n<link rel=\"canonical\" href=\"https:\/\/confino.fr\/en\/mentions-legales-2\/\" \/>\n<meta property=\"og:locale\" content=\"en_US\" \/>\n<meta property=\"og:type\" content=\"article\" \/>\n<meta property=\"og:title\" content=\"Mentions l\u00e9gales - Cabinet Confino\" \/>\n<meta property=\"og:description\" content=\"CABINET CONFINO Soci\u00e9t\u00e9 d\u2019exercice lib\u00e9ral d\u2019avocats, inscrite au Barreau de Paris, SELAS au capital de 934.000 euros RCS Paris 484 774\u00a0807 68, avenue d&#8217;I\u00e9na &#8211; 75116 Paris T\u00e9l. : +33 (0)1 47 20 07 07 Contact mail\u00a0: utilisez le formulaire en ligne Responsable de la publication du site\u00a0: Me Jean-Philippe CONFINO H\u00e9bergeur\u00a0: soci\u00e9t\u00e9 OLEANE Tous [&hellip;]\" \/>\n<meta property=\"og:url\" content=\"https:\/\/confino.fr\/en\/mentions-legales-2\/\" \/>\n<meta property=\"og:site_name\" content=\"Cabinet Confino\" \/>\n<meta name=\"twitter:card\" content=\"summary_large_image\" \/>\n<script type=\"application\/ld+json\" class=\"yoast-schema-graph\">{\"@context\":\"https:\/\/schema.org\",\"@graph\":[{\"@type\":\"WebPage\",\"@id\":\"https:\/\/confino.fr\/en\/mentions-legales-2\/\",\"url\":\"https:\/\/confino.fr\/en\/mentions-legales-2\/\",\"name\":\"Mentions l\u00e9gales - Cabinet Confino\",\"isPartOf\":{\"@id\":\"https:\/\/confino.fr\/#website\"},\"datePublished\":\"2015-10-21T10:53:30+00:00\",\"breadcrumb\":{\"@id\":\"https:\/\/confino.fr\/en\/mentions-legales-2\/#breadcrumb\"},\"inLanguage\":\"en-US\",\"potentialAction\":[{\"@type\":\"ReadAction\",\"target\":[\"https:\/\/confino.fr\/en\/mentions-legales-2\/\"]}]},{\"@type\":\"BreadcrumbList\",\"@id\":\"https:\/\/confino.fr\/en\/mentions-legales-2\/#breadcrumb\",\"itemListElement\":[{\"@type\":\"ListItem\",\"position\":1,\"name\":\"Accueil\",\"item\":\"https:\/\/confino.fr\/\"},{\"@type\":\"ListItem\",\"position\":2,\"name\":\"Mentions l\u00e9gales\"}]},{\"@type\":\"WebSite\",\"@id\":\"https:\/\/confino.fr\/#website\",\"url\":\"https:\/\/confino.fr\/\",\"name\":\"Cabinet Confino\",\"description\":\"Cabinet d&#039;Avocats | Sp\u00e9cialis\u00e9 en Droit Immobilier\",\"potentialAction\":[{\"@type\":\"SearchAction\",\"target\":{\"@type\":\"EntryPoint\",\"urlTemplate\":\"https:\/\/confino.fr\/?s={search_term_string}\"},\"query-input\":{\"@type\":\"PropertyValueSpecification\",\"valueRequired\":true,\"valueName\":\"search_term_string\"}}],\"inLanguage\":\"en-US\"}]}<\/script>\n<!-- \/ Yoast SEO plugin. -->","yoast_head_json":{"title":"Mentions l\u00e9gales - Cabinet Confino","robots":{"index":"index","follow":"follow","max-snippet":"max-snippet:-1","max-image-preview":"max-image-preview:large","max-video-preview":"max-video-preview:-1"},"canonical":"https:\/\/confino.fr\/en\/mentions-legales-2\/","og_locale":"en_US","og_type":"article","og_title":"Mentions l\u00e9gales - Cabinet Confino","og_description":"CABINET CONFINO Soci\u00e9t\u00e9 d\u2019exercice lib\u00e9ral d\u2019avocats, inscrite au Barreau de Paris, SELAS au capital de 934.000 euros RCS Paris 484 774\u00a0807 68, avenue d&#8217;I\u00e9na &#8211; 75116 Paris T\u00e9l. : +33 (0)1 47 20 07 07 Contact mail\u00a0: utilisez le formulaire en ligne Responsable de la publication du site\u00a0: Me Jean-Philippe CONFINO H\u00e9bergeur\u00a0: soci\u00e9t\u00e9 OLEANE Tous [&hellip;]","og_url":"https:\/\/confino.fr\/en\/mentions-legales-2\/","og_site_name":"Cabinet Confino","twitter_card":"summary_large_image","schema":{"@context":"https:\/\/schema.org","@graph":[{"@type":"WebPage","@id":"https:\/\/confino.fr\/en\/mentions-legales-2\/","url":"https:\/\/confino.fr\/en\/mentions-legales-2\/","name":"Mentions l\u00e9gales - Cabinet Confino","isPartOf":{"@id":"https:\/\/confino.fr\/#website"},"datePublished":"2015-10-21T10:53:30+00:00","breadcrumb":{"@id":"https:\/\/confino.fr\/en\/mentions-legales-2\/#breadcrumb"},"inLanguage":"en-US","potentialAction":[{"@type":"ReadAction","target":["https:\/\/confino.fr\/en\/mentions-legales-2\/"]}]},{"@type":"BreadcrumbList","@id":"https:\/\/confino.fr\/en\/mentions-legales-2\/#breadcrumb","itemListElement":[{"@type":"ListItem","position":1,"name":"Accueil","item":"https:\/\/confino.fr\/"},{"@type":"ListItem","position":2,"name":"Mentions l\u00e9gales"}]},{"@type":"WebSite","@id":"https:\/\/confino.fr\/#website","url":"https:\/\/confino.fr\/","name":"Cabinet Confino","description":"Cabinet d&#039;Avocats | Sp\u00e9cialis\u00e9 en Droit Immobilier","potentialAction":[{"@type":"SearchAction","target":{"@type":"EntryPoint","urlTemplate":"https:\/\/confino.fr\/?s={search_term_string}"},"query-input":{"@type":"PropertyValueSpecification","valueRequired":true,"valueName":"search_term_string"}}],"inLanguage":"en-US"}]}},"_links":{"self":[{"href":"https:\/\/confino.fr\/en\/wp-json\/wp\/v2\/pages\/630","targetHints":{"allow":["GET"]}}],"collection":[{"href":"https:\/\/confino.fr\/en\/wp-json\/wp\/v2\/pages"}],"about":[{"href":"https:\/\/confino.fr\/en\/wp-json\/wp\/v2\/types\/page"}],"author":[{"embeddable":true,"href":"https:\/\/confino.fr\/en\/wp-json\/wp\/v2\/users\/2"}],"replies":[{"embeddable":true,"href":"https:\/\/confino.fr\/en\/wp-json\/wp\/v2\/comments?post=630"}],"version-history":[{"count":1,"href":"https:\/\/confino.fr\/en\/wp-json\/wp\/v2\/pages\/630\/revisions"}],"predecessor-version":[{"id":631,"href":"https:\/\/confino.fr\/en\/wp-json\/wp\/v2\/pages\/630\/revisions\/631"}],"wp:attachment":[{"href":"https:\/\/confino.fr\/en\/wp-json\/wp\/v2\/media?parent=630"}],"curies":[{"name":"wp","href":"https:\/\/api.w.org\/{rel}","templated":true}]}}